{"id":15,"date":"2021-02-01T11:29:01","date_gmt":"2021-02-01T10:29:01","guid":{"rendered":"http:\/\/www.sarapancot.com\/Ernaehrungsbegleitung\/?page_id=15"},"modified":"2021-02-07T15:43:15","modified_gmt":"2021-02-07T14:43:15","slug":"wie-ich-arbeite","status":"publish","type":"page","link":"http:\/\/www.sarapancot.com\/Ernaehrungsbegleitung\/wie-ich-arbeite\/","title":{"rendered":"STEP BY STEP"},"content":{"rendered":"<div id=\"pl-gb15-69fee4ab84c10\"  class=\"panel-layout\" ><div id=\"pg-gb15-69fee4ab84c10-0\"  class=\"panel-grid panel-no-style\" ><div id=\"pgc-gb15-69fee4ab84c10-0-0\"  class=\"panel-grid-cell\" ><div id=\"panel-gb15-69fee4ab84c10-0-0-0\" class=\"so-panel widget widget_media_image panel-first-child\" data-index=\"0\" ><img loading=\"lazy\" decoding=\"async\" width=\"1024\" height=\"341\" src=\"http:\/\/www.sarapancot.com\/Ernaehrungsbegleitung\/wp-content\/uploads\/2021\/02\/01-1.jpg\" class=\"image wp-image-124  attachment-full size-full\" alt=\"\" style=\"max-width: 100%; height: auto;\" srcset=\"http:\/\/www.sarapancot.com\/Ernaehrungsbegleitung\/wp-content\/uploads\/2021\/02\/01-1.jpg 1024w, http:\/\/www.sarapancot.com\/Ernaehrungsbegleitung\/wp-content\/uploads\/2021\/02\/01-1-300x100.jpg 300w, http:\/\/www.sarapancot.com\/Ernaehrungsbegleitung\/wp-content\/uploads\/2021\/02\/01-1-768x256.jpg 768w, http:\/\/www.sarapancot.com\/Ernaehrungsbegleitung\/wp-content\/uploads\/2021\/02\/01-1-624x208.jpg 624w\" sizes=\"auto, (max-width: 1024px) 100vw, 1024px\" \/><\/div><div id=\"panel-gb15-69fee4ab84c10-0-0-1\" class=\"so-panel widget widget_text panel-last-child\" data-index=\"1\" ><div class=\"panel-widget-style panel-widget-style-for-gb15-69fee4ab84c10-0-0-1\" >\t\t\t<div class=\"textwidget\"><p>Ich begleite Sie Schritt f\u00fcr Schritt auf dem Weg zu dem von Ihnen formulierten Ziel.<\/p>\n<p>&nbsp;<\/p>\n<p>Step 1<\/p>\n<p>Wenn man die Homepage bis hierher gelesen hat, ist der erste Schritt schon gemacht &#8211; gut so!Motivation und Interesse sind die besten Voraussetzungen f\u00fcr den Erfolg!<\/p>\n<p>&nbsp;<\/p>\n<p>Step 2<\/p>\n<p class=\"s13\">kurzes unentgeltliches Gespr\u00e4ch (pers\u00f6nlich, telefonisch, per Skype oder Zoom), um Sie und Ihr Anliegen kennen zu lernen<\/p>\n<p>&nbsp;<\/p>\n<p>Step 3<\/p>\n<p>Zusammenfassung der 10 h\u00e4ufigsten Ern\u00e4hrungsfehler<\/p>\n<p>&nbsp;<\/p>\n<p>Step 4<\/p>\n<p>Er\u00f6rterung der Lebensweise, insbesondere der St\u00e4rken und Vorlieben im Zusammenhang mit der t\u00e4glichen Lebensf\u00fchrung, damit diese in die L\u00f6sungsans\u00e4tze einbezogen werden k\u00f6nnen und das Feedback darauf aufbauen kann<\/p>\n<p>&nbsp;<\/p>\n<p>Step 5<\/p>\n<p class=\"s13\">gemeinsame und detaillierte Analyse der Essgewohnheiten, welche Voraussetzung f\u00fcr dieErarbeitung von L\u00f6sungsvorschl\u00e4gen ist; dabei erl\u00e4utere ich die Bedeutung der Makro- und Mikron\u00e4hrstoffe, informiere \u00fcber kritische N\u00e4hrstoffe (unabh\u00e4ngig vom Ern\u00e4hrungsstil) und \u00fcber die Qualit\u00e4t spezifischer Lebensmittel und wo man diese erh\u00e4lt<\/p>\n<p>&nbsp;<\/p>\n<p>Step 6<\/p>\n<p class=\"s13\">Erlernen eines neuen oder mit dem alten kombinierten Essverhaltens, wobei jeweils die Freude am Neuen \u00fcberwiegen und niemals das Gef\u00fchl des Verzichts aufkommen soll; das f\u00fchrt uns zu neuen kulinarischen Entdeckungen auf vollwertiger Basis und der Erweiterung unseres Geschmackshorizonts<\/p>\n<p>&nbsp;<\/p>\n<p>Step 7<\/p>\n<p>BE the real YOU<\/p>\n<p>Formulierung des Ziels bzw. des Idealbildes, das Sie von sich selbst haben und Wege dorthin bzw. Ma\u00dfnahmen, um dieses zu erhalten<\/p>\n<p>&nbsp;<\/p>\n<\/div>\n\t\t<\/div><\/div><\/div><\/div><\/div>","protected":false},"excerpt":{"rendered":"","protected":false},"author":1,"featured_media":0,"parent":0,"menu_order":0,"comment_status":"closed","ping_status":"closed","template":"","meta":{"footnotes":""},"class_list":["post-15","page","type-page","status-publish","hentry"],"yoast_head":"<!-- This site is optimized with the Yoast SEO plugin v15.7 - https:\/\/yoast.com\/wordpress\/plugins\/seo\/ -->\n<meta name=\"description\" content=\"Sei, was du wirklich sein willst \u2013 das ist der Ausgangspunkt und das Ziel meiner Begleitung.Mit der auf Sie zugeschnittenen Ern\u00e4hrung werden wir nachhaltige Erfolge erzielen, und zwar step by step durch\" \/>\n<meta name=\"robots\" content=\"index, follow, max-snippet:-1, max-image-preview:large, max-video-preview:-1\" \/>\n<link rel=\"canonical\" href=\"http:\/\/www.sarapancot.com\/Ernaehrungsbegleitung\/wie-ich-arbeite\/\" \/>\n<meta property=\"og:locale\" content=\"de_DE\" \/>\n<meta property=\"og:type\" content=\"article\" \/>\n<meta property=\"og:title\" content=\"STEP BY STEP - Nessun articolo da visualizzare\" \/>\n<meta property=\"og:description\" content=\"Sei, was du wirklich sein willst \u2013 das ist der Ausgangspunkt und das Ziel meiner Begleitung.Mit der auf Sie zugeschnittenen Ern\u00e4hrung werden wir nachhaltige Erfolge erzielen, und zwar step by step durch\" \/>\n<meta property=\"og:url\" content=\"http:\/\/www.sarapancot.com\/Ernaehrungsbegleitung\/wie-ich-arbeite\/\" \/>\n<meta property=\"og:site_name\" content=\"Nessun articolo da visualizzare\" \/>\n<meta property=\"article:modified_time\" content=\"2021-02-07T14:43:15+00:00\" \/>\n<meta property=\"og:image\" content=\"http:\/\/www.sarapancot.com\/Ernaehrungsbegleitung\/wp-content\/uploads\/2021\/02\/01-1.jpg\" \/>\n<meta name=\"twitter:card\" content=\"summary_large_image\" \/>\n<meta name=\"twitter:label1\" content=\"Gesch\u00e4tzte Lesezeit\">\n\t<meta name=\"twitter:data1\" content=\"2\u00a0Minuten\">\n<script type=\"application\/ld+json\" class=\"yoast-schema-graph\">{\"@context\":\"https:\/\/schema.org\",\"@graph\":[{\"@type\":[\"Person\",\"Organization\"],\"@id\":\"http:\/\/www.sarapancot.com\/Ernaehrungsbegleitung\/#\/schema\/person\/f7148609786e182580f9babb6f6cf284\",\"name\":\"Sara Pancot\",\"image\":{\"@type\":\"ImageObject\",\"@id\":\"http:\/\/www.sarapancot.com\/Ernaehrungsbegleitung\/#personlogo\",\"inLanguage\":\"de\",\"url\":\"https:\/\/secure.gravatar.com\/avatar\/6e6aec188110f2e2c29127e58df16755ad8bd20fabafa0da3866b8369af93819?s=96&d=mm&r=g\",\"caption\":\"Sara Pancot\"},\"logo\":{\"@id\":\"http:\/\/www.sarapancot.com\/Ernaehrungsbegleitung\/#personlogo\"}},{\"@type\":\"WebSite\",\"@id\":\"http:\/\/www.sarapancot.com\/Ernaehrungsbegleitung\/#website\",\"url\":\"http:\/\/www.sarapancot.com\/Ernaehrungsbegleitung\/\",\"name\":\"ERN\\u00c4HRUNGS-BEGLEITUNG\",\"description\":\"Pronti per la pubblic\",\"publisher\":{\"@id\":\"http:\/\/www.sarapancot.com\/Ernaehrungsbegleitung\/#\/schema\/person\/f7148609786e182580f9babb6f6cf284\"},\"potentialAction\":[{\"@type\":\"SearchAction\",\"target\":\"http:\/\/www.sarapancot.com\/Ernaehrungsbegleitung\/?s={search_term_string}\",\"query-input\":\"required name=search_term_string\"}],\"inLanguage\":\"de\"},{\"@type\":\"ImageObject\",\"@id\":\"http:\/\/www.sarapancot.com\/Ernaehrungsbegleitung\/wie-ich-arbeite\/#primaryimage\",\"inLanguage\":\"de\",\"url\":\"http:\/\/www.sarapancot.com\/Ernaehrungsbegleitung\/wp-content\/uploads\/2021\/02\/01-1.jpg\",\"width\":1024,\"height\":341},{\"@type\":\"WebPage\",\"@id\":\"http:\/\/www.sarapancot.com\/Ernaehrungsbegleitung\/wie-ich-arbeite\/#webpage\",\"url\":\"http:\/\/www.sarapancot.com\/Ernaehrungsbegleitung\/wie-ich-arbeite\/\",\"name\":\"STEP BY STEP - Nessun articolo da visualizzare\",\"isPartOf\":{\"@id\":\"http:\/\/www.sarapancot.com\/Ernaehrungsbegleitung\/#website\"},\"primaryImageOfPage\":{\"@id\":\"http:\/\/www.sarapancot.com\/Ernaehrungsbegleitung\/wie-ich-arbeite\/#primaryimage\"},\"datePublished\":\"2021-02-01T10:29:01+00:00\",\"dateModified\":\"2021-02-07T14:43:15+00:00\",\"description\":\"Sei, was du wirklich sein willst \\u2013 das ist der Ausgangspunkt und das Ziel meiner Begleitung.Mit der auf Sie zugeschnittenen Ern\\u00e4hrung werden wir nachhaltige Erfolge erzielen, und zwar step by step durch\",\"inLanguage\":\"de\",\"potentialAction\":[{\"@type\":\"ReadAction\",\"target\":[\"http:\/\/www.sarapancot.com\/Ernaehrungsbegleitung\/wie-ich-arbeite\/\"]}]}]}<\/script>\n<!-- \/ Yoast SEO plugin. -->","_links":{"self":[{"href":"http:\/\/www.sarapancot.com\/Ernaehrungsbegleitung\/wp-json\/wp\/v2\/pages\/15","targetHints":{"allow":["GET"]}}],"collection":[{"href":"http:\/\/www.sarapancot.com\/Ernaehrungsbegleitung\/wp-json\/wp\/v2\/pages"}],"about":[{"href":"http:\/\/www.sarapancot.com\/Ernaehrungsbegleitung\/wp-json\/wp\/v2\/types\/page"}],"author":[{"embeddable":true,"href":"http:\/\/www.sarapancot.com\/Ernaehrungsbegleitung\/wp-json\/wp\/v2\/users\/1"}],"replies":[{"embeddable":true,"href":"http:\/\/www.sarapancot.com\/Ernaehrungsbegleitung\/wp-json\/wp\/v2\/comments?post=15"}],"version-history":[{"count":6,"href":"http:\/\/www.sarapancot.com\/Ernaehrungsbegleitung\/wp-json\/wp\/v2\/pages\/15\/revisions"}],"predecessor-version":[{"id":293,"href":"http:\/\/www.sarapancot.com\/Ernaehrungsbegleitung\/wp-json\/wp\/v2\/pages\/15\/revisions\/293"}],"wp:attachment":[{"href":"http:\/\/www.sarapancot.com\/Ernaehrungsbegleitung\/wp-json\/wp\/v2\/media?parent=15"}],"curies":[{"name":"wp","href":"https:\/\/api.w.org\/{rel}","templated":true}]}}