{"id":1015,"date":"2021-03-11T21:31:50","date_gmt":"2021-03-11T20:31:50","guid":{"rendered":"http:\/\/www.sarapancot.com\/nutritionforlife\/ernahrung-zum-korperlichen-wohlbefinden-2\/"},"modified":"2024-09-06T17:00:31","modified_gmt":"2024-09-06T15:00:31","slug":"nutrizione-per-il-benessere-fisico","status":"publish","type":"page","link":"https:\/\/www.sarapancot.com\/nutritionforlife\/it\/nutrizione-per-il-benessere-fisico\/","title":{"rendered":"Nutrizione per il benessere fisico"},"content":{"rendered":"\n\n<div id=\"pl-gb1015-69dc65fbea473\"  class=\"panel-layout wp-block-siteorigin-panels-layout-block\" ><div id=\"pg-gb1015-69dc65fbea473-0\"  class=\"panel-grid panel-no-style\" ><div id=\"pgc-gb1015-69dc65fbea473-0-0\"  class=\"panel-grid-cell\" ><div id=\"panel-gb1015-69dc65fbea473-0-0-0\" class=\"so-panel widget widget_sow-editor panel-first-child\" data-index=\"0\" ><div class=\"panel-widget-style panel-widget-style-for-gb1015-69dc65fbea473-0-0-0\" ><div\n\t\t\t\n\t\t\tclass=\"so-widget-sow-editor so-widget-sow-editor-base\"\n\t\t\t\n\t\t>\n<div class=\"siteorigin-widget-tinymce textwidget\">\n\t<h2>Nutrizione per il benessere fisico<\/h2>\n<\/div>\n<\/div><\/div><\/div><div id=\"panel-gb1015-69dc65fbea473-0-0-1\" class=\"so-panel widget widget_sow-image\" data-index=\"1\" ><div\n\t\t\t\n\t\t\tclass=\"so-widget-sow-image so-widget-sow-image-default-8b5b6f678277-1015\"\n\t\t\t\n\t\t>\n<div class=\"sow-image-container\">\n\t\t<img \n\tsrc=\"https:\/\/www.sarapancot.com\/nutritionforlife\/wp-content\/uploads\/Ueber-Ernaehrung-zum-koerperlichen-Wohlbefinden-banner.jpg\" width=\"1443\" height=\"448\" srcset=\"https:\/\/www.sarapancot.com\/nutritionforlife\/wp-content\/uploads\/Ueber-Ernaehrung-zum-koerperlichen-Wohlbefinden-banner.jpg 1443w, https:\/\/www.sarapancot.com\/nutritionforlife\/wp-content\/uploads\/Ueber-Ernaehrung-zum-koerperlichen-Wohlbefinden-banner-600x186.jpg 600w, https:\/\/www.sarapancot.com\/nutritionforlife\/wp-content\/uploads\/Ueber-Ernaehrung-zum-koerperlichen-Wohlbefinden-banner-300x93.jpg 300w, https:\/\/www.sarapancot.com\/nutritionforlife\/wp-content\/uploads\/Ueber-Ernaehrung-zum-koerperlichen-Wohlbefinden-banner-1024x318.jpg 1024w, https:\/\/www.sarapancot.com\/nutritionforlife\/wp-content\/uploads\/Ueber-Ernaehrung-zum-koerperlichen-Wohlbefinden-banner-150x47.jpg 150w, https:\/\/www.sarapancot.com\/nutritionforlife\/wp-content\/uploads\/Ueber-Ernaehrung-zum-koerperlichen-Wohlbefinden-banner-768x238.jpg 768w\" sizes=\"(max-width: 1443px) 100vw, 1443px\" title=\"\u00dcber-Ern\u00e4hrung-zum-k\u00f6rperlichen-Wohlbefinden-banner\" alt=\"Mag. Sara Pancot Rennweg 78 \u2022 Wien 1030\" \t\tclass=\"so-widget-image\"\/>\n\t<\/div>\n\n<\/div><\/div><div id=\"panel-gb1015-69dc65fbea473-0-0-2\" class=\"so-panel widget widget_sow-editor panel-last-child\" data-index=\"2\" ><div class=\"panel-widget-style panel-widget-style-for-gb1015-69dc65fbea473-0-0-2\" ><div\n\t\t\t\n\t\t\tclass=\"so-widget-sow-editor so-widget-sow-editor-base\"\n\t\t\t\n\t\t>\n<div class=\"siteorigin-widget-tinymce textwidget\">\n\t<div class=\"page\" title=\"Seite 1\">\n<div class=\"layoutArea\">\n<div class=\"column\">\n<div class=\"page\" title=\"Seite 1\">\n<div class=\"layoutArea\">\n<div class=\"column\">\n<p>Ti senti smarrita\/o, insoddisfatta\/o o a disagio rispetto alla tua alimentazione, forma fisica o stile di vita?<\/p>\n<p>Sono qui per aiutarti a ritrovare il tuo equilibrio nutrizionale e a ampliare la tua conoscenza sulla nutrizione. Attraverso il MINDFUL EATING, che comprende una gestione consapevole del cibo, della spesa e della cucina, lavoreremo insieme per migliorare il tuo atteggiamento verso l\u2019alimentazione.<\/p>\n<p>Con la mia esperienza e le ultime evidenze scientifiche, ti guider\u00f2 in:<\/p>\n<p>&#8211; Analizzare le tue abitudini alimentari<br \/>\n&#8211; Comprendere l&#8217;importanza di macro e micronutrienti<br \/>\n&#8211; Valutare la qualit\u00e0 degli alimenti<\/p>\n<p>Ti aiuter\u00f2 a integrare nuovi comportamenti alimentari senza rinunce drastiche, offrendoti nuove esperienze culinarie e ampliando i tuoi orizzonti gustativi.<\/p>\n<p>Ti riconosci in una di queste situazioni?<\/p>\n<p>&#8211; Segui una dieta ma non dimagrisci<br \/>\n&#8211; Perdi peso e poi lo riprendi<br \/>\n&#8211; Hai chili di troppo dopo la gravidanza<br \/>\n&#8211; Il grasso si accumula su pancia e fianchi<br \/>\n&#8211; Il sovrappeso \u00e8 comune nella tua famiglia<br \/>\n&#8211; Non ti piaci<br \/>\n&#8211; Sei spesso nervosa\/o o stanca\/o<\/p>\n<p>Se s\u00ec, scopri come migliorare la tua situazione e raggiungere i tuoi obiettivi.<\/p>\n<p>&nbsp;<\/p>\n<\/div>\n<\/div>\n<\/div>\n<\/div>\n<\/div>\n<\/div>\n<\/div>\n<\/div><\/div><\/div><\/div><\/div><div id=\"pg-gb1015-69dc65fbea473-1\"  class=\"panel-grid panel-no-style\" ><div id=\"pgc-gb1015-69dc65fbea473-1-0\"  class=\"panel-grid-cell panel-grid-cell-empty\" ><\/div><div id=\"pgc-gb1015-69dc65fbea473-1-1\"  class=\"panel-grid-cell panel-grid-cell-empty\" ><\/div><div id=\"pgc-gb1015-69dc65fbea473-1-2\"  class=\"panel-grid-cell panel-grid-cell-empty panel-grid-cell-mobile-last\" ><\/div><div id=\"pgc-gb1015-69dc65fbea473-1-3\"  class=\"panel-grid-cell panel-grid-cell-empty\" ><\/div><\/div><div id=\"pg-gb1015-69dc65fbea473-2\"  class=\"panel-grid panel-no-style\" ><div id=\"pgc-gb1015-69dc65fbea473-2-0\"  class=\"panel-grid-cell panel-grid-cell-empty\" ><\/div><div id=\"pgc-gb1015-69dc65fbea473-2-1\"  class=\"panel-grid-cell panel-grid-cell-empty\" ><\/div><div id=\"pgc-gb1015-69dc65fbea473-2-2\"  class=\"panel-grid-cell panel-grid-cell-empty panel-grid-cell-mobile-last\" ><\/div><div id=\"pgc-gb1015-69dc65fbea473-2-3\"  class=\"panel-grid-cell panel-grid-cell-empty\" ><\/div><\/div><div id=\"pg-gb1015-69dc65fbea473-3\"  class=\"panel-grid panel-no-style\" ><div id=\"pgc-gb1015-69dc65fbea473-3-0\"  class=\"panel-grid-cell\" ><div id=\"panel-gb1015-69dc65fbea473-3-0-0\" class=\"so-panel widget widget_sow-button panel-first-child panel-last-child\" data-index=\"3\" ><div\n\t\t\t\n\t\t\tclass=\"so-widget-sow-button so-widget-sow-button-atom-66466acb9e12-1015\"\n\t\t\t\n\t\t><div class=\"ow-button-base ow-button-align-center\"\n>\n\t\t\t<a\n\t\t\t\t\thref=\"http:\/\/www.sarapancot.com\/nutritionforlife\/de\/uber-mich-3\/\"\n\t\t\t\t\tclass=\"sowb-button ow-icon-placement-left ow-button-hover\" \t>\n\t\t<span>\n\t\t\t\n\t\t\tper appuntamento\t\t<\/span>\n\t\t\t<\/a>\n\t<\/div>\n<\/div><\/div><\/div><\/div><\/div>\n\n\n<p><\/p>\n","protected":false},"excerpt":{"rendered":"","protected":false},"author":1,"featured_media":0,"parent":0,"menu_order":0,"comment_status":"closed","ping_status":"closed","template":"","meta":{"footnotes":""},"class_list":["post-1015","page","type-page","status-publish","hentry"],"_links":{"self":[{"href":"https:\/\/www.sarapancot.com\/nutritionforlife\/wp-json\/wp\/v2\/pages\/1015","targetHints":{"allow":["GET"]}}],"collection":[{"href":"https:\/\/www.sarapancot.com\/nutritionforlife\/wp-json\/wp\/v2\/pages"}],"about":[{"href":"https:\/\/www.sarapancot.com\/nutritionforlife\/wp-json\/wp\/v2\/types\/page"}],"author":[{"embeddable":true,"href":"https:\/\/www.sarapancot.com\/nutritionforlife\/wp-json\/wp\/v2\/users\/1"}],"replies":[{"embeddable":true,"href":"https:\/\/www.sarapancot.com\/nutritionforlife\/wp-json\/wp\/v2\/comments?post=1015"}],"version-history":[{"count":19,"href":"https:\/\/www.sarapancot.com\/nutritionforlife\/wp-json\/wp\/v2\/pages\/1015\/revisions"}],"predecessor-version":[{"id":3048,"href":"https:\/\/www.sarapancot.com\/nutritionforlife\/wp-json\/wp\/v2\/pages\/1015\/revisions\/3048"}],"wp:attachment":[{"href":"https:\/\/www.sarapancot.com\/nutritionforlife\/wp-json\/wp\/v2\/media?parent=1015"}],"curies":[{"name":"wp","href":"https:\/\/api.w.org\/{rel}","templated":true}]}}