{"id":1027,"date":"2021-03-11T21:31:50","date_gmt":"2021-03-11T20:31:50","guid":{"rendered":"http:\/\/www.sarapancot.com\/nutritionforlife\/mag-sara-pancot-nutrition-for-life-wien-1030-2\/"},"modified":"2025-05-29T12:23:01","modified_gmt":"2025-05-29T10:23:01","slug":"mag-sara-pancot-nutrition-for-life-wien-1030-2","status":"publish","type":"page","link":"https:\/\/www.sarapancot.com\/nutritionforlife\/mag-sara-pancot-nutrition-for-life-wien-1030-2\/","title":{"rendered":"\u00dcBER MICH"},"content":{"rendered":"<div class=\"page\" title=\" Page 8\">\n<div class=\"layoutArea\">\n<div class=\"column\">\u00a0<\/div>\n<\/div>\n<\/div>\n\n<div id=\"pl-gb1027-69f73c3364464\"  class=\"panel-layout wp-block-siteorigin-panels-layout-block\" ><div id=\"pg-gb1027-69f73c3364464-0\"  class=\"panel-grid panel-no-style\" ><div id=\"pgc-gb1027-69f73c3364464-0-0\"  class=\"panel-grid-cell\" ><div id=\"panel-gb1027-69f73c3364464-0-0-0\" class=\"so-panel widget widget_sow-slider panel-first-child\" data-index=\"0\" ><div\n\t\t\t\n\t\t\tclass=\"so-widget-sow-slider so-widget-sow-slider-default-6d39609536fd-1027\"\n\t\t\t\n\t\t>\t\t\t\t<div class=\"sow-slider-base\" style=\"display: none\" tabindex=\"0\">\n\t\t\t\t\t<ul\n\t\t\t\t\tclass=\"sow-slider-images\"\n\t\t\t\t\tdata-settings=\"{&quot;pagination&quot;:true,&quot;speed&quot;:800,&quot;timeout&quot;:2222,&quot;paused&quot;:false,&quot;pause_on_hover&quot;:false,&quot;swipe&quot;:true,&quot;nav_always_show_desktop&quot;:&quot;&quot;,&quot;nav_always_show_mobile&quot;:&quot;&quot;,&quot;breakpoint&quot;:&quot;780px&quot;,&quot;unmute&quot;:false,&quot;anchor&quot;:null}\"\n\t\t\t\t\t\t\t\t\t\tdata-anchor-id=\"\"\n\t\t\t\t>\t\t<li class=\"sow-slider-image  sow-slider-image-cover\" style=\"visibility: visible;;background-image: url(https:\/\/www.sarapancot.com\/nutritionforlife\/wp-content\/uploads\/Kochen-lachen01.jpg)\" >\n\t\t\t\t\t\t<div class=\"sow-slider-image-container\">\n\t\t\t\t<div class=\"sow-slider-image-wrapper\" style=\"max-width: 1436px\">\n\t\t\t\t\t\t\t\t\t\t<div class=\"sow-slider-image-foreground-wrapper\">\n\t\t\t\t\t\t<img loading=\"lazy\" decoding=\"async\" width=\"1436\" height=\"550\" src=\"https:\/\/www.sarapancot.com\/nutritionforlife\/wp-content\/uploads\/Kochen-lachen01.jpg\" class=\"sow-slider-foreground-image\" alt=\"\" style=\"\" srcset=\"https:\/\/www.sarapancot.com\/nutritionforlife\/wp-content\/uploads\/Kochen-lachen01.jpg 1436w, https:\/\/www.sarapancot.com\/nutritionforlife\/wp-content\/uploads\/Kochen-lachen01-300x115.jpg 300w, https:\/\/www.sarapancot.com\/nutritionforlife\/wp-content\/uploads\/Kochen-lachen01-1024x392.jpg 1024w, https:\/\/www.sarapancot.com\/nutritionforlife\/wp-content\/uploads\/Kochen-lachen01-150x57.jpg 150w, https:\/\/www.sarapancot.com\/nutritionforlife\/wp-content\/uploads\/Kochen-lachen01-768x294.jpg 768w, https:\/\/www.sarapancot.com\/nutritionforlife\/wp-content\/uploads\/Kochen-lachen01-1320x506.jpg 1320w\" sizes=\"auto, (max-width: 1436px) 100vw, 1436px\" \/>\t\t\t\t\t<\/div>\n\t\t\t\t\t\t\t\t\t<\/div>\n\t\t\t<\/div>\n\t\t\t\t\t<\/li>\n\t\t\t\t<li class=\"sow-slider-image\" style=\"visibility: hidden;\" >\n\t\t\t\t\t\t<img loading=\"lazy\" decoding=\"async\" width=\"1442\" height=\"550\" src=\"https:\/\/www.sarapancot.com\/nutritionforlife\/wp-content\/uploads\/Besprechung01.jpg\" class=\"sow-slider-background-image\" alt=\"\" style=\"\" srcset=\"https:\/\/www.sarapancot.com\/nutritionforlife\/wp-content\/uploads\/Besprechung01.jpg 1442w, https:\/\/www.sarapancot.com\/nutritionforlife\/wp-content\/uploads\/Besprechung01-300x114.jpg 300w, https:\/\/www.sarapancot.com\/nutritionforlife\/wp-content\/uploads\/Besprechung01-1024x391.jpg 1024w, https:\/\/www.sarapancot.com\/nutritionforlife\/wp-content\/uploads\/Besprechung01-150x57.jpg 150w, https:\/\/www.sarapancot.com\/nutritionforlife\/wp-content\/uploads\/Besprechung01-768x293.jpg 768w, https:\/\/www.sarapancot.com\/nutritionforlife\/wp-content\/uploads\/Besprechung01-1320x503.jpg 1320w\" sizes=\"auto, (max-width: 1442px) 100vw, 1442px\" \/>\t\t<\/li>\n\t\t\t\t<li class=\"sow-slider-image\" style=\"visibility: hidden;\" >\n\t\t\t\t\t\t<img loading=\"lazy\" decoding=\"async\" width=\"1433\" height=\"550\" src=\"https:\/\/www.sarapancot.com\/nutritionforlife\/wp-content\/uploads\/Spinat02.jpg\" class=\"sow-slider-background-image\" alt=\"\" style=\"\" srcset=\"https:\/\/www.sarapancot.com\/nutritionforlife\/wp-content\/uploads\/Spinat02.jpg 1433w, https:\/\/www.sarapancot.com\/nutritionforlife\/wp-content\/uploads\/Spinat02-300x115.jpg 300w, https:\/\/www.sarapancot.com\/nutritionforlife\/wp-content\/uploads\/Spinat02-1024x393.jpg 1024w, https:\/\/www.sarapancot.com\/nutritionforlife\/wp-content\/uploads\/Spinat02-150x58.jpg 150w, https:\/\/www.sarapancot.com\/nutritionforlife\/wp-content\/uploads\/Spinat02-768x295.jpg 768w, https:\/\/www.sarapancot.com\/nutritionforlife\/wp-content\/uploads\/Spinat02-1320x507.jpg 1320w\" sizes=\"auto, (max-width: 1433px) 100vw, 1433px\" \/>\t\t<\/li>\n\t\t<\/ul>\t\t\t\t<ol class=\"sow-slider-pagination\">\n\t\t\t\t\t\t\t\t\t\t\t<li><a href=\"#\" data-goto=\"0\" aria-label=\"Display slide 1\"><\/a><\/li>\n\t\t\t\t\t\t\t\t\t\t\t<li><a href=\"#\" data-goto=\"1\" aria-label=\"Display slide 2\"><\/a><\/li>\n\t\t\t\t\t\t\t\t\t\t\t<li><a href=\"#\" data-goto=\"2\" aria-label=\"Display slide 3\"><\/a><\/li>\n\t\t\t\t\t\t\t\t\t<\/ol>\n\n\t\t\t\t<div class=\"sow-slide-nav sow-slide-nav-next\">\n\t\t\t\t\t<a href=\"#\" data-goto=\"next\" aria-label=\"Next slide\" data-action=\"next\">\n\t\t\t\t\t\t<em class=\"sow-sld-icon-thin-right\"><\/em>\n\t\t\t\t\t<\/a>\n\t\t\t\t<\/div>\n\n\t\t\t\t<div class=\"sow-slide-nav sow-slide-nav-prev\">\n\t\t\t\t\t<a href=\"#\" data-goto=\"previous\" aria-label=\"Previous slide\" data-action=\"prev\">\n\t\t\t\t\t\t<em class=\"sow-sld-icon-thin-left\"><\/em>\n\t\t\t\t\t<\/a>\n\t\t\t\t<\/div>\n\t\t\t\t<\/div><\/div><\/div><div id=\"panel-gb1027-69f73c3364464-0-0-1\" class=\"so-panel widget widget_sow-editor panel-last-child\" data-index=\"1\" ><div class=\"panel-widget-style panel-widget-style-for-gb1027-69f73c3364464-0-0-1\" ><div\n\t\t\t\n\t\t\tclass=\"so-widget-sow-editor so-widget-sow-editor-base\"\n\t\t\t\n\t\t>\n<div class=\"siteorigin-widget-tinymce textwidget\">\n\t<p><span style=\"color: #000000;\">Ich bin <a style=\"color: #000000;\" href=\"https:\/\/ecodemy.de\/vegane-ernaehrungsberatung-verzeichnis\/profile\/sara-pancot\/\"><strong><span style=\"color: #000000;\">zertifizierte Ern\u00e4hrungstrainerin<\/span><\/strong><\/a> und leidenschaftliche K\u00f6chin mit einem besonderen Fokus auf pflanzliche Ern\u00e4hrung. Ich ferf\u00fcge \u00fcber umfangreiche Erfahrung in der Beratung von Familien, Kindern, Sportlerinnen und Sportlern sowie Erwachsenen in der zweiten Lebensh\u00e4lfte. Ich helfe Menschen, ihre Ern\u00e4hrung nachhaltig zu gestalten und ihre Gesundheit zu f\u00f6rdern.<\/span><\/p>\n<\/div>\n<\/div><\/div><\/div><\/div><\/div><div id=\"pg-gb1027-69f73c3364464-1\"  class=\"panel-grid panel-no-style\" ><div id=\"pgc-gb1027-69f73c3364464-1-0\"  class=\"panel-grid-cell\" ><div id=\"panel-gb1027-69f73c3364464-1-0-0\" class=\"so-panel widget widget_sow-editor panel-first-child\" data-index=\"2\" ><div class=\"panel-widget-style panel-widget-style-for-gb1027-69f73c3364464-1-0-0\" ><div\n\t\t\t\n\t\t\tclass=\"so-widget-sow-editor so-widget-sow-editor-base\"\n\t\t\t\n\t\t>\n<div class=\"siteorigin-widget-tinymce textwidget\">\n\t<p><strong><span style=\"color: #000000;\">Mein Fokus: Ern\u00e4hrung f\u00fcr Kinder &amp; Familien<\/span><\/strong><\/p>\n<ul>\n<li><span style=\"color: #000000;\"><strong><span style=\"color: #333300;\">Kinderern\u00e4hrung<\/span><\/strong>: Ich unterst\u00fctze Eltern und Familien mit kindgerechten Rezepten und begleite sie auf dem Weg zu einer gesunden, pflanzlichen Ern\u00e4hrung.<\/span><\/li>\n<li><span style=\"color: #000000;\"><strong><span style=\"color: #333300;\">Essst\u00f6rungen<\/span><\/strong>: Pr\u00e4ventive Beratung zur Erkennung und F\u00f6rderung eines gesunden Essverhaltens.<\/span><\/li>\n<li><span style=\"color: #000000;\"><strong><span style=\"color: #333300;\">B\u00fccher<\/span><\/strong>: Als Autorin von <a style=\"color: #000000;\" href=\"https:\/\/www.sarapancot.com\/nutritionforlife\/buch\/KINDER-HABEN-HUNGER-p404295627\">\u201eKinder haben Hunger\u201c<\/a> und <a style=\"color: #000000;\" href=\"https:\/\/www.thalia.at\/shop\/home\/artikeldetails\/A1059852978?ProvID=15322359&amp;gad_source=1&amp;gad_campaignid=21347047873&amp;gclid=CjwKCAjwz_bABhAGEiwAm-P8YZuHNB8Ol49Rxty_vHgPoyN7HIZ9pOABjmvTg7IF00g7WStTdZ2Q7xoCBbcQAvD_BwE\">\u201eZwerge haben gro\u00dfen Hunger\u201c<\/a> teile ich meine Erfahrung und mein Wissen \u00fcber eine gesunde Ern\u00e4hrung f\u00fcr Kinder. Au\u00dferdem habe ich das Kinderbuch &#8222;Ich w\u00e4re gerne anders&#8220; (G&amp;G Verlag, 2018) zum Thema Selbstakzeptanz geschrieben.<\/span><\/li>\n<li><span style=\"color: #000000;\">Ich bin Leiterin der p\u00e4dagogische Einrichtungen <a style=\"color: #000000;\" href=\"http:\/\/www.spielzimmer-5-sinne.at\/\">Spielzimmer 5 Sinne<\/a>, in der ich Familien mit vollwertiger Ern\u00e4hrung und kindergerechten Rezepten unterst\u00fctze. Hier berate ich auch pr\u00e4ventiv zu Essst\u00f6rungen.<\/span><\/li>\n<li><span style=\"color: #000000;\"><strong><span style=\"color: #333300;\">Wissen weitergeben<\/span><\/strong>: In Vortr\u00e4gen und Workshops biete ich Ern\u00e4hrungsbildung f\u00fcr Familien und p\u00e4dagogische Einrichtungen an.<\/span><\/li>\n<\/ul>\n<p>&nbsp;<\/p>\n<p><strong><span style=\"color: #333300;\">Ern\u00e4hrung und Sport<\/span><\/strong><br \/>\n<span style=\"color: #000000;\">Als aktive und leidenschaftliche Sportlerin wei\u00df ich, wie wichtig <strong><span style=\"color: #333300;\">Ern\u00e4hrung<\/span><\/strong> f\u00fcr die <strong><span style=\"color: #333300;\">Leistungsf\u00e4higkeit<\/span><\/strong> ist. Zu meinen sportlichen Erfolgen z\u00e4hlen unter anderem (<span><a href=\"http:\/\/www.teamvegan.at\">www.teamvegan.at<\/a><\/span>):<br \/>\n<\/span><\/p>\n<div class=\"page\" title=\"Seite 9\">\n<div class=\"layoutArea\">\n<div class=\"column\">\n<p><span style=\"color: #000000;\">\u2022 2018 Wiener Landesmeisterin in der Halbdistanz im Triathlon<\/span><br \/>\n<span style=\"color: #000000;\">\u2022 2018 Triathlon-EM \u00fcber die Olympische Distanz in Estland<\/span><br \/>\n<span style=\"color: #000000;\">\u2022 2019 Vizelandesmeisterin in der Sprintdistanz im Triathlon<\/span><br \/>\n<span style=\"color: #000000;\">verschiedene Teilnahmen an Marathons sowie Schwimmbewerben<br \/>\n<\/span><\/p>\n<p><strong><span style=\"color: #000000;\">Ern\u00e4hrung im Wandel der Lebensphasen<\/span><\/strong><br \/>\n<span style=\"color: #000000;\">Auch das Thema <strong><span style=\"color: #333300;\">Wechseljahre<\/span><\/strong> liegt mir pers\u00f6nlich und fachlich am Herzen: Ich erlebe die Ver\u00e4nderungen am eigenen K\u00f6rper und wei\u00df, welche Rolle Ern\u00e4hrung f\u00fcr Wohlbefinden und Lebensqualit\u00e4t spielt. Dieses Wissen gebe ich in Begleitung und <a style=\"color: #000000;\" href=\"https:\/\/www.sarapancot.com\/nutritionforlife\/workshops\/\">Workshops<\/a> weiter.<\/span><\/p>\n<p><strong><span style=\"color: #000000;\">Zeitmanagement und Alltagstauglichkeit<\/span><\/strong><br \/>\n<span style=\"color: #000000;\">Trotz eines oft fordernden Alltags schaffe ich es, gesunde Ern\u00e4hrung einfach und effektiv in mein Leben zu integrieren. Dieses praktische Wissen \u2013 <strong><span style=\"color: #333300;\">von Organisation bis Meal-Prep<\/span><\/strong> \u2013 vermittle ich ebenfalls in meinen <a style=\"color: #000000;\" href=\"https:\/\/www.sarapancot.com\/nutritionforlife\/workshops\/\">Angeboten<\/a>.<\/span><\/p>\n<p><strong><span style=\"color: #000000;\">Warum nur eine Homepage?<\/span><\/strong><br \/>\n<span style=\"color: #000000;\">Ich habe mich bewusst entschieden, meine vielf\u00e4ltigen Erfahrungen auf einer einzigen Plattform zu b\u00fcndeln. Statt mich f\u00fcr jeden Bereich neu zu &#8222;etikettieren&#8220;, m\u00f6chte ich zeigen: Ern\u00e4hrung betrifft das ganze Leben \u2013 in allen Phasen, in allen Herausforderungen.<\/span><br \/>\n<span style=\"color: #000000;\"><strong><span style=\"color: #333300;\">Hier findest du Unterst\u00fctzung<\/span><\/strong><span style=\"color: #333300;\">,<\/span> die auf deine Situation zugeschnitten ist.<\/span><\/p>\n<p>&nbsp;<\/p>\n<\/div>\n<\/div>\n<\/div>\n<\/div>\n<\/div><\/div><\/div><div id=\"panel-gb1027-69f73c3364464-1-0-1\" class=\"so-panel widget widget_sow-editor panel-last-child\" data-index=\"3\" ><div class=\"panel-widget-style panel-widget-style-for-gb1027-69f73c3364464-1-0-1\" ><div\n\t\t\t\n\t\t\tclass=\"so-widget-sow-editor so-widget-sow-editor-base\"\n\t\t\t\n\t\t><h3 class=\"widget-title\">Presseberichte<\/h3>\n<div class=\"siteorigin-widget-tinymce textwidget\">\n\t<p><span style=\"font-size: 12pt; font-family: verdana, geneva;\"><a href=\"https:\/\/www.derstandard.at\/story\/3000000242774\/zeitgemaess-oder-verantwortungslos-zu-besuch-im-veganen-kindergarten\">DerStandard: zu Besuch im veganen Kindergarten<\/a> <\/span><br \/>\n<span style=\"font-family: verdana, geneva;\"><span style=\"font-size: 12pt;\"><a href=\"https:\/\/www.youtube.com\/watch?v=W6NMuJGPSyA\">Webinar &#8222;Vegane Kindererziehung aus p\u00e4dagogischer Sicht\u201d<\/a><br \/>\n<\/span><span style=\"font-size: 12pt;\"><a href=\"http:\/\/www.sarapancot.com\/nutritionforlife\/wp-content\/uploads\/180323_kurier_veganimkindergarten.jpg\">Vegan im Kindergarten<\/a><\/span><\/span><br \/>\n<span style=\"font-size: 12pt; font-family: verdana, geneva;\"><a href=\"http:\/\/www.sarapancot.com\/nutritionforlife\/wp-content\/uploads\/170200_vegan-at.jpg-720\u00d7960-Pixel.pdf\">Magazin Vegan.at<\/a><br \/>\n<a href=\"http:\/\/www.sarapancot.com\/nutritionforlife\/wp-content\/uploads\/220000_falter-37.pdf\">FALTER<\/a><br \/>\n<a href=\"http:\/\/www.sarapancot.com\/nutritionforlife\/wp-content\/uploads\/210113_wienerbezirkszeitung.pdf\">Wiener Bezirks Zeitung<\/a><br \/>\n<a href=\"http:\/\/www.sarapancot.com\/nutritionforlife\/wp-content\/uploads\/Bildschirmfoto-2022-09-15-um-20.55.09.jpg\">KURIER<\/a><br \/>\n<a href=\"http:\/\/www.sarapancot.com\/nutritionforlife\/wp-content\/uploads\/Bildschirmfoto-2022-09-15-um-20.54.47.jpg\"><span style=\"font-size: 12pt;\">KURIER<\/span><\/a><br \/>\n<a href=\"http:\/\/www.sarapancot.com\/nutritionforlife\/wp-content\/uploads\/Bezikszeitung.pdf\">Bezirks Zeitung<\/a><\/span><br \/>\n<a href=\"https:\/\/teamvegan.at\/erfolge\/\">Wiener Landesmeisterin 2018 Halbdistanz<\/a><br \/>\n<a href=\"https:\/\/teamvegan.at\/triathlon-saisonauftakt-in-obergrafendorf\/\">Triathlon-Saisonauftakt in Obergrafendorf<\/a><\/p>\n<\/div>\n<\/div><\/div><\/div><\/div><\/div><div id=\"pg-gb1027-69f73c3364464-2\"  class=\"panel-grid panel-no-style\" ><div id=\"pgc-gb1027-69f73c3364464-2-0\"  class=\"panel-grid-cell\" ><div id=\"panel-gb1027-69f73c3364464-2-0-0\" class=\"so-panel widget widget_sow-slider panel-first-child panel-last-child\" data-index=\"4\" ><div\n\t\t\t\n\t\t\tclass=\"so-widget-sow-slider so-widget-sow-slider-default-6d39609536fd-1027\"\n\t\t\t\n\t\t>\t\t\t\t<div class=\"sow-slider-base\" style=\"display: none\" tabindex=\"0\">\n\t\t\t\t\t<ul\n\t\t\t\t\tclass=\"sow-slider-images\"\n\t\t\t\t\tdata-settings=\"{&quot;pagination&quot;:true,&quot;speed&quot;:800,&quot;timeout&quot;:2222,&quot;paused&quot;:false,&quot;pause_on_hover&quot;:false,&quot;swipe&quot;:true,&quot;nav_always_show_desktop&quot;:&quot;&quot;,&quot;nav_always_show_mobile&quot;:&quot;&quot;,&quot;breakpoint&quot;:&quot;780px&quot;,&quot;unmute&quot;:false,&quot;anchor&quot;:null}\"\n\t\t\t\t\t\t\t\t\t\tdata-anchor-id=\"\"\n\t\t\t\t>\t\t<li class=\"sow-slider-image\" style=\"visibility: visible;\" >\n\t\t\t\t\t\t<div class=\"sow-slider-image-container\">\n\t\t\t\t<div class=\"sow-slider-image-wrapper\" style=\"max-width: 1443px\">\n\t\t\t\t\t\t\t\t\t\t<div class=\"sow-slider-image-foreground-wrapper\">\n\t\t\t\t\t\t<img loading=\"lazy\" decoding=\"async\" width=\"1443\" height=\"448\" src=\"https:\/\/www.sarapancot.com\/nutritionforlife\/wp-content\/uploads\/ernaehrungstrainerin.jpg\" class=\"sow-slider-foreground-image\" alt=\"Mag. Sara Pancot Rennweg 78 \u2022 Wien 1030\" style=\"\" srcset=\"https:\/\/www.sarapancot.com\/nutritionforlife\/wp-content\/uploads\/ernaehrungstrainerin.jpg 1443w, https:\/\/www.sarapancot.com\/nutritionforlife\/wp-content\/uploads\/ernaehrungstrainerin-600x186.jpg 600w, https:\/\/www.sarapancot.com\/nutritionforlife\/wp-content\/uploads\/ernaehrungstrainerin-300x93.jpg 300w, https:\/\/www.sarapancot.com\/nutritionforlife\/wp-content\/uploads\/ernaehrungstrainerin-1024x318.jpg 1024w, https:\/\/www.sarapancot.com\/nutritionforlife\/wp-content\/uploads\/ernaehrungstrainerin-150x47.jpg 150w, https:\/\/www.sarapancot.com\/nutritionforlife\/wp-content\/uploads\/ernaehrungstrainerin-768x238.jpg 768w\" sizes=\"auto, (max-width: 1443px) 100vw, 1443px\" \/>\t\t\t\t\t<\/div>\n\t\t\t\t\t\t\t\t\t<\/div>\n\t\t\t<\/div>\n\t\t\t\t\t<\/li>\n\t\t\t\t<li class=\"sow-slider-image\" style=\"visibility: hidden;\" >\n\t\t\t\t\t\t<div class=\"sow-slider-image-container\">\n\t\t\t\t<div class=\"sow-slider-image-wrapper\" style=\"max-width: 1443px\">\n\t\t\t\t\t\t\t\t\t\t<div class=\"sow-slider-image-foreground-wrapper\">\n\t\t\t\t\t\t<img loading=\"lazy\" decoding=\"async\" width=\"1443\" height=\"448\" src=\"https:\/\/www.sarapancot.com\/nutritionforlife\/wp-content\/uploads\/Vegane-Ernaehrung-fuer-Mutter-und-Kind.jpg\" class=\"sow-slider-foreground-image\" alt=\"Mag. Sara Pancot Rennweg 78 \u2022 Wien 1030\" style=\"\" srcset=\"https:\/\/www.sarapancot.com\/nutritionforlife\/wp-content\/uploads\/Vegane-Ernaehrung-fuer-Mutter-und-Kind.jpg 1443w, https:\/\/www.sarapancot.com\/nutritionforlife\/wp-content\/uploads\/Vegane-Ernaehrung-fuer-Mutter-und-Kind-600x186.jpg 600w, https:\/\/www.sarapancot.com\/nutritionforlife\/wp-content\/uploads\/Vegane-Ernaehrung-fuer-Mutter-und-Kind-300x93.jpg 300w, https:\/\/www.sarapancot.com\/nutritionforlife\/wp-content\/uploads\/Vegane-Ernaehrung-fuer-Mutter-und-Kind-1024x318.jpg 1024w, https:\/\/www.sarapancot.com\/nutritionforlife\/wp-content\/uploads\/Vegane-Ernaehrung-fuer-Mutter-und-Kind-150x47.jpg 150w, https:\/\/www.sarapancot.com\/nutritionforlife\/wp-content\/uploads\/Vegane-Ernaehrung-fuer-Mutter-und-Kind-768x238.jpg 768w\" sizes=\"auto, (max-width: 1443px) 100vw, 1443px\" \/>\t\t\t\t\t<\/div>\n\t\t\t\t\t\t\t\t\t<\/div>\n\t\t\t<\/div>\n\t\t\t\t\t<\/li>\n\t\t\t\t<li class=\"sow-slider-image\" style=\"visibility: hidden;\" >\n\t\t\t\t\t\t<div class=\"sow-slider-image-container\">\n\t\t\t\t<div class=\"sow-slider-image-wrapper\" style=\"max-width: 1443px\">\n\t\t\t\t\t\t\t\t\t\t<div class=\"sow-slider-image-foreground-wrapper\">\n\t\t\t\t\t\t<img loading=\"lazy\" decoding=\"async\" width=\"1443\" height=\"448\" src=\"https:\/\/www.sarapancot.com\/nutritionforlife\/wp-content\/uploads\/Vergane-Ernaehrung-fue-rSportlerinnen.jpg\" class=\"sow-slider-foreground-image\" alt=\"Mag. Sara Pancot Rennweg 78 \u2022 Wien 1030\" style=\"\" srcset=\"https:\/\/www.sarapancot.com\/nutritionforlife\/wp-content\/uploads\/Vergane-Ernaehrung-fue-rSportlerinnen.jpg 1443w, https:\/\/www.sarapancot.com\/nutritionforlife\/wp-content\/uploads\/Vergane-Ernaehrung-fue-rSportlerinnen-600x186.jpg 600w, https:\/\/www.sarapancot.com\/nutritionforlife\/wp-content\/uploads\/Vergane-Ernaehrung-fue-rSportlerinnen-300x93.jpg 300w, https:\/\/www.sarapancot.com\/nutritionforlife\/wp-content\/uploads\/Vergane-Ernaehrung-fue-rSportlerinnen-1024x318.jpg 1024w, https:\/\/www.sarapancot.com\/nutritionforlife\/wp-content\/uploads\/Vergane-Ernaehrung-fue-rSportlerinnen-150x47.jpg 150w, https:\/\/www.sarapancot.com\/nutritionforlife\/wp-content\/uploads\/Vergane-Ernaehrung-fue-rSportlerinnen-768x238.jpg 768w\" sizes=\"auto, (max-width: 1443px) 100vw, 1443px\" \/>\t\t\t\t\t<\/div>\n\t\t\t\t\t\t\t\t\t<\/div>\n\t\t\t<\/div>\n\t\t\t\t\t<\/li>\n\t\t<\/ul>\t\t\t\t<ol class=\"sow-slider-pagination\">\n\t\t\t\t\t\t\t\t\t\t\t<li><a href=\"#\" data-goto=\"0\" aria-label=\"Display slide 1\"><\/a><\/li>\n\t\t\t\t\t\t\t\t\t\t\t<li><a href=\"#\" data-goto=\"1\" aria-label=\"Display slide 2\"><\/a><\/li>\n\t\t\t\t\t\t\t\t\t\t\t<li><a href=\"#\" data-goto=\"2\" aria-label=\"Display slide 3\"><\/a><\/li>\n\t\t\t\t\t\t\t\t\t<\/ol>\n\n\t\t\t\t<div class=\"sow-slide-nav sow-slide-nav-next\">\n\t\t\t\t\t<a href=\"#\" data-goto=\"next\" aria-label=\"Next slide\" data-action=\"next\">\n\t\t\t\t\t\t<em class=\"sow-sld-icon-thin-right\"><\/em>\n\t\t\t\t\t<\/a>\n\t\t\t\t<\/div>\n\n\t\t\t\t<div class=\"sow-slide-nav sow-slide-nav-prev\">\n\t\t\t\t\t<a href=\"#\" data-goto=\"previous\" aria-label=\"Previous slide\" data-action=\"prev\">\n\t\t\t\t\t\t<em class=\"sow-sld-icon-thin-left\"><\/em>\n\t\t\t\t\t<\/a>\n\t\t\t\t<\/div>\n\t\t\t\t<\/div><\/div><\/div><\/div><\/div><\/div>\n\n\n<p><\/p>\n","protected":false},"excerpt":{"rendered":"<p>\u00a0<\/p>\n","protected":false},"author":1,"featured_media":0,"parent":0,"menu_order":0,"comment_status":"closed","ping_status":"closed","template":"","meta":{"footnotes":""},"class_list":["post-1027","page","type-page","status-publish","hentry"],"_links":{"self":[{"href":"https:\/\/www.sarapancot.com\/nutritionforlife\/wp-json\/wp\/v2\/pages\/1027","targetHints":{"allow":["GET"]}}],"collection":[{"href":"https:\/\/www.sarapancot.com\/nutritionforlife\/wp-json\/wp\/v2\/pages"}],"about":[{"href":"https:\/\/www.sarapancot.com\/nutritionforlife\/wp-json\/wp\/v2\/types\/page"}],"author":[{"embeddable":true,"href":"https:\/\/www.sarapancot.com\/nutritionforlife\/wp-json\/wp\/v2\/users\/1"}],"replies":[{"embeddable":true,"href":"https:\/\/www.sarapancot.com\/nutritionforlife\/wp-json\/wp\/v2\/comments?post=1027"}],"version-history":[{"count":62,"href":"https:\/\/www.sarapancot.com\/nutritionforlife\/wp-json\/wp\/v2\/pages\/1027\/revisions"}],"predecessor-version":[{"id":3716,"href":"https:\/\/www.sarapancot.com\/nutritionforlife\/wp-json\/wp\/v2\/pages\/1027\/revisions\/3716"}],"wp:attachment":[{"href":"https:\/\/www.sarapancot.com\/nutritionforlife\/wp-json\/wp\/v2\/media?parent=1027"}],"curies":[{"name":"wp","href":"https:\/\/api.w.org\/{rel}","templated":true}]}}